{"id":1020,"date":"2023-06-15T00:09:49","date_gmt":"2023-06-14T23:09:49","guid":{"rendered":"https:\/\/olivierkannmusic.com\/?post_type=product&#038;p=1020"},"modified":"2024-01-16T01:51:18","modified_gmt":"2024-01-16T00:51:18","slug":"we-need-some-time-radio-edit","status":"publish","type":"product","link":"https:\/\/olivierkannmusic.com\/en\/chansons-songs\/we-need-some-time-radio-edit\/","title":{"rendered":"We need some time (radio edit)"},"content":{"rendered":"<p>Chanson We need some time (radio edit)<\/p>\n","protected":false},"excerpt":{"rendered":"<p>Ecoutez l&#8217;extrait:[audio wav=\"https:\/\/olivierkannmusic.com\/wp-content\/uploads\/2024\/01\/We-need-extrait-2.wav\"][\/audio] <span class=\"read-more\"><a class=\"more-link btn btn-transparent\" href=\"https:\/\/olivierkannmusic.com\/en\/chansons-songs\/we-need-some-time-radio-edit\/\">Lire la suite . . .<\/a><\/span><\/p>\n","protected":false},"featured_media":388,"comment_status":"closed","ping_status":"closed","template":"","meta":[],"product_brand":[],"product_cat":[65],"product_tag":[66],"class_list":{"0":"post-1020","1":"product","2":"type-product","3":"status-publish","4":"has-post-thumbnail","6":"product_cat-pop-rock","7":"product_tag-chanson","9":"first","10":"instock","11":"downloadable","12":"virtual","13":"taxable","14":"purchasable","15":"product-type-simple"},"yoast_head":"<!-- This site is optimized with the Yoast SEO plugin v23.8 - https:\/\/yoast.com\/wordpress\/plugins\/seo\/ -->\n<title>We need some time (radio edit) - Olivier Kann<\/title>\n<meta name=\"description\" content=\"We need some time radio edit chanson cr\u00e9\u00e9e interpr\u00e9t\u00e9e par Olivier KANN auteur compositeur interpr\u00e8te, song created and performed by Olivier KANN songwriter\" \/>\n<meta name=\"robots\" content=\"index, follow, max-snippet:-1, max-image-preview:large, max-video-preview:-1\" \/>\n<link rel=\"canonical\" href=\"https:\/\/olivierkannmusic.com\/en\/chansons-songs\/we-need-some-time-radio-edit\/\" \/>\n<meta property=\"og:locale\" content=\"en_US\" \/>\n<meta property=\"og:type\" content=\"article\" \/>\n<meta property=\"og:title\" content=\"We need some time (radio edit) - Olivier Kann\" \/>\n<meta property=\"og:description\" content=\"We need some time radio edit chanson cr\u00e9\u00e9e interpr\u00e9t\u00e9e par Olivier KANN auteur compositeur interpr\u00e8te, song created and performed by Olivier KANN songwriter\" \/>\n<meta property=\"og:url\" content=\"https:\/\/olivierkannmusic.com\/en\/chansons-songs\/we-need-some-time-radio-edit\/\" \/>\n<meta property=\"og:site_name\" content=\"Olivier Kann\" \/>\n<meta property=\"article:modified_time\" content=\"2024-01-16T00:51:18+00:00\" \/>\n<meta property=\"og:image\" content=\"https:\/\/olivierkannmusic.com\/wp-content\/uploads\/2022\/11\/OLIVIER-EVER-COUL-scaled-1.jpg\" \/>\n\t<meta property=\"og:image:width\" content=\"1707\" \/>\n\t<meta property=\"og:image:height\" content=\"2560\" \/>\n\t<meta property=\"og:image:type\" content=\"image\/jpeg\" \/>\n<meta name=\"twitter:card\" content=\"summary_large_image\" \/>\n<meta name=\"twitter:label1\" content=\"Price\" \/>\n\t<meta name=\"twitter:data1\" content=\"1,40&nbsp;&euro;\" \/>\n\t<meta name=\"twitter:label2\" content=\"Availability\" \/>\n\t<meta name=\"twitter:data2\" content=\"In stock\" \/>\n<script type=\"application\/ld+json\" class=\"yoast-schema-graph\">{\"@context\":\"https:\/\/schema.org\",\"@graph\":[{\"@type\":\"WebPage\",\"@id\":\"https:\/\/olivierkannmusic.com\/en\/chansons-songs\/we-need-some-time-radio-edit\/\",\"url\":\"https:\/\/olivierkannmusic.com\/en\/chansons-songs\/we-need-some-time-radio-edit\/\",\"name\":\"We need some time (radio edit) - Olivier Kann\",\"isPartOf\":{\"@id\":\"https:\/\/olivierkannmusic.com\/en\/#website\"},\"primaryImageOfPage\":{\"@id\":\"https:\/\/olivierkannmusic.com\/en\/chansons-songs\/we-need-some-time-radio-edit\/#primaryimage\"},\"image\":{\"@id\":\"https:\/\/olivierkannmusic.com\/en\/chansons-songs\/we-need-some-time-radio-edit\/#primaryimage\"},\"thumbnailUrl\":\"https:\/\/olivierkannmusic.com\/wp-content\/uploads\/2022\/11\/OLIVIER-EVER-COUL-scaled-1.jpg\",\"datePublished\":\"2023-06-14T23:09:49+00:00\",\"dateModified\":\"2024-01-16T00:51:18+00:00\",\"description\":\"We need some time radio edit chanson cr\u00e9\u00e9e interpr\u00e9t\u00e9e par Olivier KANN auteur compositeur interpr\u00e8te, song created and performed by Olivier KANN songwriter\",\"breadcrumb\":{\"@id\":\"https:\/\/olivierkannmusic.com\/en\/chansons-songs\/we-need-some-time-radio-edit\/#breadcrumb\"},\"inLanguage\":\"en-US\",\"potentialAction\":[{\"@type\":\"ReadAction\",\"target\":[\"https:\/\/olivierkannmusic.com\/en\/chansons-songs\/we-need-some-time-radio-edit\/\"]}]},{\"@type\":\"ImageObject\",\"inLanguage\":\"en-US\",\"@id\":\"https:\/\/olivierkannmusic.com\/en\/chansons-songs\/we-need-some-time-radio-edit\/#primaryimage\",\"url\":\"https:\/\/olivierkannmusic.com\/wp-content\/uploads\/2022\/11\/OLIVIER-EVER-COUL-scaled-1.jpg\",\"contentUrl\":\"https:\/\/olivierkannmusic.com\/wp-content\/uploads\/2022\/11\/OLIVIER-EVER-COUL-scaled-1.jpg\",\"width\":1707,\"height\":2560,\"caption\":\"Olivier KANN\"},{\"@type\":\"BreadcrumbList\",\"@id\":\"https:\/\/olivierkannmusic.com\/en\/chansons-songs\/we-need-some-time-radio-edit\/#breadcrumb\",\"itemListElement\":[{\"@type\":\"ListItem\",\"position\":1,\"name\":\"Accueil\",\"item\":\"https:\/\/olivierkannmusic.com\/en\/bio\/\"},{\"@type\":\"ListItem\",\"position\":2,\"name\":\"We need some time (radio edit)\"}]},{\"@type\":\"WebSite\",\"@id\":\"https:\/\/olivierkannmusic.com\/en\/#website\",\"url\":\"https:\/\/olivierkannmusic.com\/en\/\",\"name\":\"Olivier Kann\",\"description\":\"Author Composer Performer\",\"potentialAction\":[{\"@type\":\"SearchAction\",\"target\":{\"@type\":\"EntryPoint\",\"urlTemplate\":\"https:\/\/olivierkannmusic.com\/en\/?s={search_term_string}\"},\"query-input\":{\"@type\":\"PropertyValueSpecification\",\"valueRequired\":true,\"valueName\":\"search_term_string\"}}],\"inLanguage\":\"en-US\"}]}<\/script>\n<meta property=\"product:price:amount\" content=\"1.40\" \/>\n<meta property=\"product:price:currency\" content=\"EUR\" \/>\n<meta property=\"og:availability\" content=\"instock\" \/>\n<meta property=\"product:availability\" content=\"instock\" \/>\n<meta property=\"product:condition\" content=\"new\" \/>\n<!-- \/ Yoast SEO plugin. -->","yoast_head_json":{"title":"We need some time (radio edit) - Olivier Kann","description":"We need some time radio edit chanson cr\u00e9\u00e9e interpr\u00e9t\u00e9e par Olivier KANN auteur compositeur interpr\u00e8te, song created and performed by Olivier KANN songwriter","robots":{"index":"index","follow":"follow","max-snippet":"max-snippet:-1","max-image-preview":"max-image-preview:large","max-video-preview":"max-video-preview:-1"},"canonical":"https:\/\/olivierkannmusic.com\/en\/chansons-songs\/we-need-some-time-radio-edit\/","og_locale":"en_US","og_type":"article","og_title":"We need some time (radio edit) - Olivier Kann","og_description":"We need some time radio edit chanson cr\u00e9\u00e9e interpr\u00e9t\u00e9e par Olivier KANN auteur compositeur interpr\u00e8te, song created and performed by Olivier KANN songwriter","og_url":"https:\/\/olivierkannmusic.com\/en\/chansons-songs\/we-need-some-time-radio-edit\/","og_site_name":"Olivier Kann","article_modified_time":"2024-01-16T00:51:18+00:00","og_image":[{"width":1707,"height":2560,"url":"https:\/\/olivierkannmusic.com\/wp-content\/uploads\/2022\/11\/OLIVIER-EVER-COUL-scaled-1.jpg","type":"image\/jpeg"}],"twitter_card":"summary_large_image","twitter_misc":{"Price":"1,40&nbsp;&euro;","Availability":"In stock"},"schema":{"@context":"https:\/\/schema.org","@graph":[{"@type":"WebPage","@id":"https:\/\/olivierkannmusic.com\/en\/chansons-songs\/we-need-some-time-radio-edit\/","url":"https:\/\/olivierkannmusic.com\/en\/chansons-songs\/we-need-some-time-radio-edit\/","name":"We need some time (radio edit) - Olivier Kann","isPartOf":{"@id":"https:\/\/olivierkannmusic.com\/en\/#website"},"primaryImageOfPage":{"@id":"https:\/\/olivierkannmusic.com\/en\/chansons-songs\/we-need-some-time-radio-edit\/#primaryimage"},"image":{"@id":"https:\/\/olivierkannmusic.com\/en\/chansons-songs\/we-need-some-time-radio-edit\/#primaryimage"},"thumbnailUrl":"https:\/\/olivierkannmusic.com\/wp-content\/uploads\/2022\/11\/OLIVIER-EVER-COUL-scaled-1.jpg","datePublished":"2023-06-14T23:09:49+00:00","dateModified":"2024-01-16T00:51:18+00:00","description":"We need some time radio edit chanson cr\u00e9\u00e9e interpr\u00e9t\u00e9e par Olivier KANN auteur compositeur interpr\u00e8te, song created and performed by Olivier KANN songwriter","breadcrumb":{"@id":"https:\/\/olivierkannmusic.com\/en\/chansons-songs\/we-need-some-time-radio-edit\/#breadcrumb"},"inLanguage":"en-US","potentialAction":[{"@type":"ReadAction","target":["https:\/\/olivierkannmusic.com\/en\/chansons-songs\/we-need-some-time-radio-edit\/"]}]},{"@type":"ImageObject","inLanguage":"en-US","@id":"https:\/\/olivierkannmusic.com\/en\/chansons-songs\/we-need-some-time-radio-edit\/#primaryimage","url":"https:\/\/olivierkannmusic.com\/wp-content\/uploads\/2022\/11\/OLIVIER-EVER-COUL-scaled-1.jpg","contentUrl":"https:\/\/olivierkannmusic.com\/wp-content\/uploads\/2022\/11\/OLIVIER-EVER-COUL-scaled-1.jpg","width":1707,"height":2560,"caption":"Olivier KANN"},{"@type":"BreadcrumbList","@id":"https:\/\/olivierkannmusic.com\/en\/chansons-songs\/we-need-some-time-radio-edit\/#breadcrumb","itemListElement":[{"@type":"ListItem","position":1,"name":"Accueil","item":"https:\/\/olivierkannmusic.com\/en\/bio\/"},{"@type":"ListItem","position":2,"name":"We need some time (radio edit)"}]},{"@type":"WebSite","@id":"https:\/\/olivierkannmusic.com\/en\/#website","url":"https:\/\/olivierkannmusic.com\/en\/","name":"Olivier Kann","description":"Author Composer Performer","potentialAction":[{"@type":"SearchAction","target":{"@type":"EntryPoint","urlTemplate":"https:\/\/olivierkannmusic.com\/en\/?s={search_term_string}"},"query-input":{"@type":"PropertyValueSpecification","valueRequired":true,"valueName":"search_term_string"}}],"inLanguage":"en-US"}]},"product_price_amount":"1.40","product_price_currency":"EUR","og_availability":"instock","product_availability":"instock","product_condition":"new"},"_links":{"self":[{"href":"https:\/\/olivierkannmusic.com\/en\/wp-json\/wp\/v2\/product\/1020","targetHints":{"allow":["GET"]}}],"collection":[{"href":"https:\/\/olivierkannmusic.com\/en\/wp-json\/wp\/v2\/product"}],"about":[{"href":"https:\/\/olivierkannmusic.com\/en\/wp-json\/wp\/v2\/types\/product"}],"replies":[{"embeddable":true,"href":"https:\/\/olivierkannmusic.com\/en\/wp-json\/wp\/v2\/comments?post=1020"}],"wp:featuredmedia":[{"embeddable":true,"href":"https:\/\/olivierkannmusic.com\/en\/wp-json\/wp\/v2\/media\/388"}],"wp:attachment":[{"href":"https:\/\/olivierkannmusic.com\/en\/wp-json\/wp\/v2\/media?parent=1020"}],"wp:term":[{"taxonomy":"product_brand","embeddable":true,"href":"https:\/\/olivierkannmusic.com\/en\/wp-json\/wp\/v2\/product_brand?post=1020"},{"taxonomy":"product_cat","embeddable":true,"href":"https:\/\/olivierkannmusic.com\/en\/wp-json\/wp\/v2\/product_cat?post=1020"},{"taxonomy":"product_tag","embeddable":true,"href":"https:\/\/olivierkannmusic.com\/en\/wp-json\/wp\/v2\/product_tag?post=1020"}],"curies":[{"name":"wp","href":"https:\/\/api.w.org\/{rel}","templated":true}]}}