{"id":321,"date":"2022-11-03T00:14:35","date_gmt":"2022-11-02T23:14:35","guid":{"rendered":"https:\/\/olivierkannmusic.com\/bio"},"modified":"2022-11-30T10:13:24","modified_gmt":"2022-11-30T10:13:24","slug":"bio","status":"publish","type":"page","link":"https:\/\/olivierkannmusic.com\/es\/","title":{"rendered":"Bio"},"content":{"rendered":"<div class=\"wp-block-image is-style-default\">\n<figure class=\"aligncenter size-full is-resized\"><img loading=\"lazy\" decoding=\"async\" src=\"https:\/\/olivierkannmusic.com\/wp-content\/uploads\/2022\/11\/OLIVIER-EVER-COUL-scaled-COMPRESSE-v2.webp\" alt=\"\" class=\"wp-image-595\" width=\"375\" height=\"563\" srcset=\"https:\/\/olivierkannmusic.com\/wp-content\/uploads\/2022\/11\/OLIVIER-EVER-COUL-scaled-COMPRESSE-v2.webp 500w, https:\/\/olivierkannmusic.com\/wp-content\/uploads\/2022\/11\/OLIVIER-EVER-COUL-scaled-COMPRESSE-v2-200x300.webp 200w\" sizes=\"auto, (max-width: 375px) 100vw, 375px\" \/><figcaption>Canciones y m\u00fasica de Olivier KANN<\/figcaption><\/figure><\/div>\n\n\n<p>Olivier KANN (Olivier NAKAB en su nombre real) es un cantautor franc\u00e9s nacido el 19 de septiembre de 1972 en Neuilly sur Seine (Hauts de Seine).<\/p>\n\n\n\n<p>Primero sigui\u00f3 una formaci\u00f3n te\u00f3rica cl\u00e1sica en la Escuela Normal de M\u00fasica de Par\u00eds.<\/p>\n\n\n\n<p>Poco despu\u00e9s, comenz\u00f3 a aprender a tocar el piano en clases particulares y luego en la escuela Carpentier Salle Pleyel, cuando ten\u00eda 7 a\u00f1os.<\/p>\n\n\n\n<p>Aprendi\u00f3 a tocar la guitarra a los 14 a\u00f1os en un campamento de verano, y mejor\u00f3 sus habilidades gracias a los encuentros con varios m\u00fasicos que le transmitieron algunos de sus secretos.<\/p>\n\n\n\n<p>A los 25 a\u00f1os, paralelamente a sus actividades musicales, comenz\u00f3 a formarse en canto de \u00f3pera con la cantante Jeanine Fourrier, profesora y antigua solista de la \u00d3pera de Par\u00eds.<\/p>\n\n\n\n<p>Compone muchas melod\u00edas, principalmente con el piano, su instrumento principal, y la guitarra, y escribe letras y canciones.<\/p>\n\n\n\n<p>Luego descubri\u00f3 Senegal en 2006, donde grab\u00f3 un gran n\u00famero de sus canciones en franc\u00e9s e ingl\u00e9s.<\/p>\n\n\n\n<p>En 2009, el descubrimiento de Brasil aportar\u00e1 un color latino a muchas de sus canciones, tanto en el ritmo como en las letras y melod\u00edas, y le permitir\u00e1 ampliar su horizonte musical.<\/p>\n\n\n\n<div class=\"wp-block-buttons is-layout-flex wp-block-buttons-is-layout-flex\">\n<div class=\"wp-block-button aligncenter is-style-fill\"><a class=\"wp-block-button__link\" href=\"https:\/\/olivierkannmusic.com\/es\/tienda\/\">Descubre mis canciones<\/a><\/div>\n<\/div>\n\n\n\n<div style=\"height:50px\" aria-hidden=\"true\" class=\"wp-block-spacer\"><\/div>\n\n\n\n<div style=\"height:50px\" aria-hidden=\"true\" class=\"wp-block-spacer\"><\/div>\n\n\n\n<p><\/p>\n\n\n\n<div class=\"wp-block-buttons is-layout-flex wp-block-buttons-is-layout-flex\"><\/div>\n","protected":false},"excerpt":{"rendered":"<p>Olivier KANN (Olivier NAKAB en su nombre real) es un cantautor franc\u00e9s nacido el 19 de septiembre de 1972 en Neuilly sur Seine (Hauts de Seine). Primero sigui\u00f3 una formaci\u00f3n <span class=\"read-more\"><a class=\"more-link btn btn-transparent\" href=\"https:\/\/olivierkannmusic.com\/es\/\">Lire la suite . . .<\/a><\/span><\/p>\n","protected":false},"author":1,"featured_media":0,"parent":0,"menu_order":0,"comment_status":"closed","ping_status":"closed","template":"","meta":{"footnotes":""},"class_list":["post-321","page","type-page","status-publish","hentry"],"yoast_head":"<!-- This site is optimized with the Yoast SEO plugin v23.8 - https:\/\/yoast.com\/wordpress\/plugins\/seo\/ -->\n<title>Bio - Olivier Kann<\/title>\n<meta name=\"description\" content=\"Olivier KANN (Olivier NAKAB en su nombre real) es un cantautor franc\u00e9s nacido el 19 de septiembre de 1972.\" \/>\n<meta name=\"robots\" content=\"index, follow, max-snippet:-1, max-image-preview:large, max-video-preview:-1\" \/>\n<link rel=\"canonical\" href=\"https:\/\/olivierkannmusic.com\/es\/\" \/>\n<meta property=\"og:locale\" content=\"es_ES\" \/>\n<meta property=\"og:type\" content=\"article\" \/>\n<meta property=\"og:title\" content=\"Bio - Olivier Kann\" \/>\n<meta property=\"og:description\" content=\"Olivier KANN (Olivier NAKAB en su nombre real) es un cantautor franc\u00e9s nacido el 19 de septiembre de 1972.\" \/>\n<meta property=\"og:url\" content=\"https:\/\/olivierkannmusic.com\/es\/\" \/>\n<meta property=\"og:site_name\" content=\"Olivier Kann\" \/>\n<meta property=\"article:modified_time\" content=\"2022-11-30T10:13:24+00:00\" \/>\n<meta property=\"og:image\" content=\"https:\/\/olivierkannmusic.com\/wp-content\/uploads\/2022\/11\/OLIVIER-EVER-COUL-scaled-COMPRESSE-v2.webp\" \/>\n<meta name=\"twitter:card\" content=\"summary_large_image\" \/>\n<meta name=\"twitter:label1\" content=\"Tiempo de lectura\" \/>\n\t<meta name=\"twitter:data1\" content=\"2 minutos\" \/>\n<script type=\"application\/ld+json\" class=\"yoast-schema-graph\">{\"@context\":\"https:\/\/schema.org\",\"@graph\":[{\"@type\":\"WebPage\",\"@id\":\"https:\/\/olivierkannmusic.com\/es\/\",\"url\":\"https:\/\/olivierkannmusic.com\/es\/\",\"name\":\"Bio - Olivier Kann\",\"isPartOf\":{\"@id\":\"https:\/\/olivierkannmusic.com\/es\/#website\"},\"primaryImageOfPage\":{\"@id\":\"https:\/\/olivierkannmusic.com\/es\/#primaryimage\"},\"image\":{\"@id\":\"https:\/\/olivierkannmusic.com\/es\/#primaryimage\"},\"thumbnailUrl\":\"https:\/\/olivierkannmusic.com\/wp-content\/uploads\/2022\/11\/OLIVIER-EVER-COUL-scaled-COMPRESSE-v2.webp\",\"datePublished\":\"2022-11-02T23:14:35+00:00\",\"dateModified\":\"2022-11-30T10:13:24+00:00\",\"description\":\"Olivier KANN (Olivier NAKAB en su nombre real) es un cantautor franc\u00e9s nacido el 19 de septiembre de 1972.\",\"breadcrumb\":{\"@id\":\"https:\/\/olivierkannmusic.com\/es\/#breadcrumb\"},\"inLanguage\":\"es\",\"potentialAction\":[{\"@type\":\"ReadAction\",\"target\":[\"https:\/\/olivierkannmusic.com\/es\/\"]}]},{\"@type\":\"ImageObject\",\"inLanguage\":\"es\",\"@id\":\"https:\/\/olivierkannmusic.com\/es\/#primaryimage\",\"url\":\"https:\/\/olivierkannmusic.com\/wp-content\/uploads\/2022\/11\/OLIVIER-EVER-COUL-scaled-COMPRESSE-v2.webp\",\"contentUrl\":\"https:\/\/olivierkannmusic.com\/wp-content\/uploads\/2022\/11\/OLIVIER-EVER-COUL-scaled-COMPRESSE-v2.webp\"},{\"@type\":\"BreadcrumbList\",\"@id\":\"https:\/\/olivierkannmusic.com\/es\/#breadcrumb\",\"itemListElement\":[{\"@type\":\"ListItem\",\"position\":1,\"name\":\"Accueil\",\"item\":\"https:\/\/olivierkannmusic.com\/es\/\"},{\"@type\":\"ListItem\",\"position\":2,\"name\":\"Bio\"}]},{\"@type\":\"WebSite\",\"@id\":\"https:\/\/olivierkannmusic.com\/es\/#website\",\"url\":\"https:\/\/olivierkannmusic.com\/es\/\",\"name\":\"Olivier Kann\",\"description\":\"Autor Compositor Int\u00e9rprete\",\"potentialAction\":[{\"@type\":\"SearchAction\",\"target\":{\"@type\":\"EntryPoint\",\"urlTemplate\":\"https:\/\/olivierkannmusic.com\/es\/?s={search_term_string}\"},\"query-input\":{\"@type\":\"PropertyValueSpecification\",\"valueRequired\":true,\"valueName\":\"search_term_string\"}}],\"inLanguage\":\"es\"}]}<\/script>\n<!-- \/ Yoast SEO plugin. -->","yoast_head_json":{"title":"Bio - Olivier Kann","description":"Olivier KANN (Olivier NAKAB en su nombre real) es un cantautor franc\u00e9s nacido el 19 de septiembre de 1972.","robots":{"index":"index","follow":"follow","max-snippet":"max-snippet:-1","max-image-preview":"max-image-preview:large","max-video-preview":"max-video-preview:-1"},"canonical":"https:\/\/olivierkannmusic.com\/es\/","og_locale":"es_ES","og_type":"article","og_title":"Bio - Olivier Kann","og_description":"Olivier KANN (Olivier NAKAB en su nombre real) es un cantautor franc\u00e9s nacido el 19 de septiembre de 1972.","og_url":"https:\/\/olivierkannmusic.com\/es\/","og_site_name":"Olivier Kann","article_modified_time":"2022-11-30T10:13:24+00:00","og_image":[{"url":"https:\/\/olivierkannmusic.com\/wp-content\/uploads\/2022\/11\/OLIVIER-EVER-COUL-scaled-COMPRESSE-v2.webp"}],"twitter_card":"summary_large_image","twitter_misc":{"Tiempo de lectura":"2 minutos"},"schema":{"@context":"https:\/\/schema.org","@graph":[{"@type":"WebPage","@id":"https:\/\/olivierkannmusic.com\/es\/","url":"https:\/\/olivierkannmusic.com\/es\/","name":"Bio - Olivier Kann","isPartOf":{"@id":"https:\/\/olivierkannmusic.com\/es\/#website"},"primaryImageOfPage":{"@id":"https:\/\/olivierkannmusic.com\/es\/#primaryimage"},"image":{"@id":"https:\/\/olivierkannmusic.com\/es\/#primaryimage"},"thumbnailUrl":"https:\/\/olivierkannmusic.com\/wp-content\/uploads\/2022\/11\/OLIVIER-EVER-COUL-scaled-COMPRESSE-v2.webp","datePublished":"2022-11-02T23:14:35+00:00","dateModified":"2022-11-30T10:13:24+00:00","description":"Olivier KANN (Olivier NAKAB en su nombre real) es un cantautor franc\u00e9s nacido el 19 de septiembre de 1972.","breadcrumb":{"@id":"https:\/\/olivierkannmusic.com\/es\/#breadcrumb"},"inLanguage":"es","potentialAction":[{"@type":"ReadAction","target":["https:\/\/olivierkannmusic.com\/es\/"]}]},{"@type":"ImageObject","inLanguage":"es","@id":"https:\/\/olivierkannmusic.com\/es\/#primaryimage","url":"https:\/\/olivierkannmusic.com\/wp-content\/uploads\/2022\/11\/OLIVIER-EVER-COUL-scaled-COMPRESSE-v2.webp","contentUrl":"https:\/\/olivierkannmusic.com\/wp-content\/uploads\/2022\/11\/OLIVIER-EVER-COUL-scaled-COMPRESSE-v2.webp"},{"@type":"BreadcrumbList","@id":"https:\/\/olivierkannmusic.com\/es\/#breadcrumb","itemListElement":[{"@type":"ListItem","position":1,"name":"Accueil","item":"https:\/\/olivierkannmusic.com\/es\/"},{"@type":"ListItem","position":2,"name":"Bio"}]},{"@type":"WebSite","@id":"https:\/\/olivierkannmusic.com\/es\/#website","url":"https:\/\/olivierkannmusic.com\/es\/","name":"Olivier Kann","description":"Autor Compositor Int\u00e9rprete","potentialAction":[{"@type":"SearchAction","target":{"@type":"EntryPoint","urlTemplate":"https:\/\/olivierkannmusic.com\/es\/?s={search_term_string}"},"query-input":{"@type":"PropertyValueSpecification","valueRequired":true,"valueName":"search_term_string"}}],"inLanguage":"es"}]}},"_links":{"self":[{"href":"https:\/\/olivierkannmusic.com\/es\/wp-json\/wp\/v2\/pages\/321","targetHints":{"allow":["GET"]}}],"collection":[{"href":"https:\/\/olivierkannmusic.com\/es\/wp-json\/wp\/v2\/pages"}],"about":[{"href":"https:\/\/olivierkannmusic.com\/es\/wp-json\/wp\/v2\/types\/page"}],"author":[{"embeddable":true,"href":"https:\/\/olivierkannmusic.com\/es\/wp-json\/wp\/v2\/users\/1"}],"replies":[{"embeddable":true,"href":"https:\/\/olivierkannmusic.com\/es\/wp-json\/wp\/v2\/comments?post=321"}],"version-history":[{"count":8,"href":"https:\/\/olivierkannmusic.com\/es\/wp-json\/wp\/v2\/pages\/321\/revisions"}],"predecessor-version":[{"id":599,"href":"https:\/\/olivierkannmusic.com\/es\/wp-json\/wp\/v2\/pages\/321\/revisions\/599"}],"wp:attachment":[{"href":"https:\/\/olivierkannmusic.com\/es\/wp-json\/wp\/v2\/media?parent=321"}],"curies":[{"name":"wp","href":"https:\/\/api.w.org\/{rel}","templated":true}]}}