{"id":270,"date":"2022-11-03T00:14:35","date_gmt":"2022-11-02T23:14:35","guid":{"rendered":"https:\/\/olivierkannmusic.com\/bio"},"modified":"2022-12-01T20:22:56","modified_gmt":"2022-12-01T19:22:56","slug":"bio","status":"publish","type":"page","link":"https:\/\/olivierkannmusic.com\/pt-pt\/","title":{"rendered":"Bio"},"content":{"rendered":"<div class=\"wp-block-image is-style-default\">\n<figure class=\"aligncenter size-full is-resized\"><img loading=\"lazy\" decoding=\"async\" src=\"https:\/\/olivierkannmusic.com\/wp-content\/uploads\/2022\/11\/OLIVIER-EVER-COUL-scaled-COMPRESSE-v2.webp\" alt=\"\" class=\"wp-image-594\" width=\"375\" height=\"563\" srcset=\"https:\/\/olivierkannmusic.com\/wp-content\/uploads\/2022\/11\/OLIVIER-EVER-COUL-scaled-COMPRESSE-v2.webp 500w, https:\/\/olivierkannmusic.com\/wp-content\/uploads\/2022\/11\/OLIVIER-EVER-COUL-scaled-COMPRESSE-v2-200x300.webp 200w\" sizes=\"auto, (max-width: 375px) 100vw, 375px\" \/><figcaption>Olivier KANN can\u00e7\u00f5es e m\u00fasica<\/figcaption><\/figure><\/div>\n\n\n<p>Olivier KANN (Olivier NAKAB no seu verdadeiro nome) \u00e9 um cantor-compositor franc\u00eas nascido a 19 de Setembro de 1972 em Neuilly sur Seine (Hauts de Seine).<\/p>\n\n\n\n<p>Seguiu primeiro uma forma\u00e7\u00e3o cl\u00e1ssica te\u00f3rica na Escola Normal de Musique de Paris.<\/p>\n\n\n\n<p>Pouco tempo depois, come\u00e7ou a aprender piano em aulas particulares e depois na Ecole Carpentier Salle Pleyel, quando tinha 7 anos de idade.<\/p>\n\n\n\n<p>Aprendeu a tocar guitarra aos 14 anos de idade num campo de Ver\u00e3o, e melhorou as suas capacidades atrav\u00e9s de encontros com v\u00e1rios m\u00fasicos que lhe transmitiram alguns dos seus segredos cada um.<\/p>\n\n\n\n<p>Aos 25 anos de idade, em paralelo com as suas actividades musicais, come\u00e7ou a treinar canto de \u00f3pera com a cantora Jeanine Fourrier, professora e antiga solista da \u00d3pera de Paris.<\/p>\n\n\n\n<p>Comp\u00f5e muitas melodias, principalmente no piano, no seu instrumento principal e na guitarra, e escreve letras e can\u00e7\u00f5es.<\/p>\n\n\n\n<p>Descobriu ent\u00e3o o Senegal em 2006, onde gravou um grande n\u00famero das suas can\u00e7\u00f5es em franc\u00eas e ingl\u00eas.<\/p>\n\n\n\n<p>Em 2009, a descoberta do Brasil trar\u00e1 uma cor latina a muitas das suas can\u00e7\u00f5es, tanto no ritmo como nas letras e melodias, e permitir-lhe-\u00e1 alargar o seu horizonte musical.<\/p>\n\n\n\n<div class=\"wp-block-buttons is-layout-flex wp-block-buttons-is-layout-flex\">\n<div class=\"wp-block-button aligncenter is-style-fill\"><a class=\"wp-block-button__link\" href=\"https:\/\/olivierkannmusic.com\/pt-pt\/cancoes\/\">Descobrir as minhas can\u00e7\u00f5es<\/a><\/div>\n<\/div>\n\n\n\n<div style=\"height:50px\" aria-hidden=\"true\" class=\"wp-block-spacer\"><\/div>\n\n\n\n<p><\/p>\n","protected":false},"excerpt":{"rendered":"<p>Olivier KANN (Olivier NAKAB no seu verdadeiro nome) \u00e9 um cantor-compositor franc\u00eas nascido a 19 de Setembro de 1972 em Neuilly sur Seine (Hauts de Seine). Seguiu primeiro uma forma\u00e7\u00e3o <span class=\"read-more\"><a class=\"more-link btn btn-transparent\" href=\"https:\/\/olivierkannmusic.com\/pt-pt\/\">Lire la suite . . .<\/a><\/span><\/p>\n","protected":false},"author":1,"featured_media":0,"parent":0,"menu_order":0,"comment_status":"closed","ping_status":"closed","template":"","meta":{"footnotes":""},"class_list":["post-270","page","type-page","status-publish","hentry"],"yoast_head":"<!-- This site is optimized with the Yoast SEO plugin v23.8 - https:\/\/yoast.com\/wordpress\/plugins\/seo\/ -->\n<title>Bio - Olivier Kann<\/title>\n<meta name=\"robots\" content=\"index, follow, max-snippet:-1, max-image-preview:large, max-video-preview:-1\" \/>\n<link rel=\"canonical\" href=\"https:\/\/olivierkannmusic.com\/pt-pt\/\" \/>\n<meta property=\"og:locale\" content=\"pt_PT\" \/>\n<meta property=\"og:type\" content=\"article\" \/>\n<meta property=\"og:title\" content=\"Bio - Olivier Kann\" \/>\n<meta property=\"og:description\" content=\"Olivier KANN (Olivier NAKAB no seu verdadeiro nome) \u00e9 um cantor-compositor franc\u00eas nascido a 19 de Setembro de 1972 em Neuilly sur Seine (Hauts de Seine). Seguiu primeiro uma forma\u00e7\u00e3o Lire la suite . . .\" \/>\n<meta property=\"og:url\" content=\"https:\/\/olivierkannmusic.com\/pt-pt\/\" \/>\n<meta property=\"og:site_name\" content=\"Olivier Kann\" \/>\n<meta property=\"article:modified_time\" content=\"2022-12-01T19:22:56+00:00\" \/>\n<meta property=\"og:image\" content=\"https:\/\/olivierkannmusic.com\/wp-content\/uploads\/2022\/11\/OLIVIER-EVER-COUL-scaled-COMPRESSE-v2.webp\" \/>\n<meta name=\"twitter:card\" content=\"summary_large_image\" \/>\n<meta name=\"twitter:label1\" content=\"Tempo estimado de leitura\" \/>\n\t<meta name=\"twitter:data1\" content=\"2 minutos\" \/>\n<script type=\"application\/ld+json\" class=\"yoast-schema-graph\">{\"@context\":\"https:\/\/schema.org\",\"@graph\":[{\"@type\":\"WebPage\",\"@id\":\"https:\/\/olivierkannmusic.com\/pt-pt\/\",\"url\":\"https:\/\/olivierkannmusic.com\/pt-pt\/\",\"name\":\"Bio - Olivier Kann\",\"isPartOf\":{\"@id\":\"https:\/\/olivierkannmusic.com\/pt-pt\/#website\"},\"primaryImageOfPage\":{\"@id\":\"https:\/\/olivierkannmusic.com\/pt-pt\/#primaryimage\"},\"image\":{\"@id\":\"https:\/\/olivierkannmusic.com\/pt-pt\/#primaryimage\"},\"thumbnailUrl\":\"https:\/\/olivierkannmusic.com\/wp-content\/uploads\/2022\/11\/OLIVIER-EVER-COUL-scaled-COMPRESSE-v2.webp\",\"datePublished\":\"2022-11-02T23:14:35+00:00\",\"dateModified\":\"2022-12-01T19:22:56+00:00\",\"breadcrumb\":{\"@id\":\"https:\/\/olivierkannmusic.com\/pt-pt\/#breadcrumb\"},\"inLanguage\":\"pt-PT\",\"potentialAction\":[{\"@type\":\"ReadAction\",\"target\":[\"https:\/\/olivierkannmusic.com\/pt-pt\/\"]}]},{\"@type\":\"ImageObject\",\"inLanguage\":\"pt-PT\",\"@id\":\"https:\/\/olivierkannmusic.com\/pt-pt\/#primaryimage\",\"url\":\"https:\/\/olivierkannmusic.com\/wp-content\/uploads\/2022\/11\/OLIVIER-EVER-COUL-scaled-COMPRESSE-v2.webp\",\"contentUrl\":\"https:\/\/olivierkannmusic.com\/wp-content\/uploads\/2022\/11\/OLIVIER-EVER-COUL-scaled-COMPRESSE-v2.webp\"},{\"@type\":\"BreadcrumbList\",\"@id\":\"https:\/\/olivierkannmusic.com\/pt-pt\/#breadcrumb\",\"itemListElement\":[{\"@type\":\"ListItem\",\"position\":1,\"name\":\"Accueil\",\"item\":\"https:\/\/olivierkannmusic.com\/pt-pt\/\"},{\"@type\":\"ListItem\",\"position\":2,\"name\":\"Bio\"}]},{\"@type\":\"WebSite\",\"@id\":\"https:\/\/olivierkannmusic.com\/pt-pt\/#website\",\"url\":\"https:\/\/olivierkannmusic.com\/pt-pt\/\",\"name\":\"Olivier Kann\",\"description\":\"Autor Compositor Performer\",\"potentialAction\":[{\"@type\":\"SearchAction\",\"target\":{\"@type\":\"EntryPoint\",\"urlTemplate\":\"https:\/\/olivierkannmusic.com\/pt-pt\/?s={search_term_string}\"},\"query-input\":{\"@type\":\"PropertyValueSpecification\",\"valueRequired\":true,\"valueName\":\"search_term_string\"}}],\"inLanguage\":\"pt-PT\"}]}<\/script>\n<!-- \/ Yoast SEO plugin. -->","yoast_head_json":{"title":"Bio - Olivier Kann","robots":{"index":"index","follow":"follow","max-snippet":"max-snippet:-1","max-image-preview":"max-image-preview:large","max-video-preview":"max-video-preview:-1"},"canonical":"https:\/\/olivierkannmusic.com\/pt-pt\/","og_locale":"pt_PT","og_type":"article","og_title":"Bio - Olivier Kann","og_description":"Olivier KANN (Olivier NAKAB no seu verdadeiro nome) \u00e9 um cantor-compositor franc\u00eas nascido a 19 de Setembro de 1972 em Neuilly sur Seine (Hauts de Seine). Seguiu primeiro uma forma\u00e7\u00e3o Lire la suite . . .","og_url":"https:\/\/olivierkannmusic.com\/pt-pt\/","og_site_name":"Olivier Kann","article_modified_time":"2022-12-01T19:22:56+00:00","og_image":[{"url":"https:\/\/olivierkannmusic.com\/wp-content\/uploads\/2022\/11\/OLIVIER-EVER-COUL-scaled-COMPRESSE-v2.webp"}],"twitter_card":"summary_large_image","twitter_misc":{"Tempo estimado de leitura":"2 minutos"},"schema":{"@context":"https:\/\/schema.org","@graph":[{"@type":"WebPage","@id":"https:\/\/olivierkannmusic.com\/pt-pt\/","url":"https:\/\/olivierkannmusic.com\/pt-pt\/","name":"Bio - Olivier Kann","isPartOf":{"@id":"https:\/\/olivierkannmusic.com\/pt-pt\/#website"},"primaryImageOfPage":{"@id":"https:\/\/olivierkannmusic.com\/pt-pt\/#primaryimage"},"image":{"@id":"https:\/\/olivierkannmusic.com\/pt-pt\/#primaryimage"},"thumbnailUrl":"https:\/\/olivierkannmusic.com\/wp-content\/uploads\/2022\/11\/OLIVIER-EVER-COUL-scaled-COMPRESSE-v2.webp","datePublished":"2022-11-02T23:14:35+00:00","dateModified":"2022-12-01T19:22:56+00:00","breadcrumb":{"@id":"https:\/\/olivierkannmusic.com\/pt-pt\/#breadcrumb"},"inLanguage":"pt-PT","potentialAction":[{"@type":"ReadAction","target":["https:\/\/olivierkannmusic.com\/pt-pt\/"]}]},{"@type":"ImageObject","inLanguage":"pt-PT","@id":"https:\/\/olivierkannmusic.com\/pt-pt\/#primaryimage","url":"https:\/\/olivierkannmusic.com\/wp-content\/uploads\/2022\/11\/OLIVIER-EVER-COUL-scaled-COMPRESSE-v2.webp","contentUrl":"https:\/\/olivierkannmusic.com\/wp-content\/uploads\/2022\/11\/OLIVIER-EVER-COUL-scaled-COMPRESSE-v2.webp"},{"@type":"BreadcrumbList","@id":"https:\/\/olivierkannmusic.com\/pt-pt\/#breadcrumb","itemListElement":[{"@type":"ListItem","position":1,"name":"Accueil","item":"https:\/\/olivierkannmusic.com\/pt-pt\/"},{"@type":"ListItem","position":2,"name":"Bio"}]},{"@type":"WebSite","@id":"https:\/\/olivierkannmusic.com\/pt-pt\/#website","url":"https:\/\/olivierkannmusic.com\/pt-pt\/","name":"Olivier Kann","description":"Autor Compositor Performer","potentialAction":[{"@type":"SearchAction","target":{"@type":"EntryPoint","urlTemplate":"https:\/\/olivierkannmusic.com\/pt-pt\/?s={search_term_string}"},"query-input":{"@type":"PropertyValueSpecification","valueRequired":true,"valueName":"search_term_string"}}],"inLanguage":"pt-PT"}]}},"_links":{"self":[{"href":"https:\/\/olivierkannmusic.com\/pt-pt\/wp-json\/wp\/v2\/pages\/270","targetHints":{"allow":["GET"]}}],"collection":[{"href":"https:\/\/olivierkannmusic.com\/pt-pt\/wp-json\/wp\/v2\/pages"}],"about":[{"href":"https:\/\/olivierkannmusic.com\/pt-pt\/wp-json\/wp\/v2\/types\/page"}],"author":[{"embeddable":true,"href":"https:\/\/olivierkannmusic.com\/pt-pt\/wp-json\/wp\/v2\/users\/1"}],"replies":[{"embeddable":true,"href":"https:\/\/olivierkannmusic.com\/pt-pt\/wp-json\/wp\/v2\/comments?post=270"}],"version-history":[{"count":7,"href":"https:\/\/olivierkannmusic.com\/pt-pt\/wp-json\/wp\/v2\/pages\/270\/revisions"}],"predecessor-version":[{"id":730,"href":"https:\/\/olivierkannmusic.com\/pt-pt\/wp-json\/wp\/v2\/pages\/270\/revisions\/730"}],"wp:attachment":[{"href":"https:\/\/olivierkannmusic.com\/pt-pt\/wp-json\/wp\/v2\/media?parent=270"}],"curies":[{"name":"wp","href":"https:\/\/api.w.org\/{rel}","templated":true}]}}