{"id":274,"date":"2022-11-03T00:14:35","date_gmt":"2022-11-02T23:14:35","guid":{"rendered":"https:\/\/olivierkannmusic.com\/cancoes"},"modified":"2022-12-03T15:54:50","modified_gmt":"2022-12-03T14:54:50","slug":"cancoes","status":"publish","type":"page","link":"https:\/\/olivierkannmusic.com\/pt-pt\/cancoes\/","title":{"rendered":"Can\u00e7\u00f5es"},"content":{"rendered":"\n<p>Descobrir a minha m\u00fasica<\/p>\n\n\n\n<style>\n\n.product_tag-album-pt-pt, .woocommerce-result-count {\ndisplay:none !important\n}\n\n#bapf_1 > div.bapf_head > h3 {\nfont-size:0 !important;\n}\n\n#bapf_1 > div.bapf_head > h3::after {\nfont-size:initial !important;\ncontent:\"Estilo musical\"\n}\n\n\n<\/style>\n\n\n<p>[br_filter_single filter_id=484]<\/p>\n","protected":false},"excerpt":{"rendered":"<p>Descobrir a minha m\u00fasica<\/p>\n","protected":false},"author":1,"featured_media":276,"parent":0,"menu_order":0,"comment_status":"closed","ping_status":"closed","template":"","meta":{"footnotes":""},"class_list":["post-274","page","type-page","status-publish","has-post-thumbnail","hentry"],"yoast_head":"<!-- This site is optimized with the Yoast SEO plugin v23.8 - https:\/\/yoast.com\/wordpress\/plugins\/seo\/ -->\n<title>Can\u00e7\u00f5es - Olivier Kann<\/title>\n<meta name=\"description\" content=\"Descubra todas as can\u00e7\u00f5es dispon\u00edveis, criadas por Olivier Kann, m\u00fasico, compositor, int\u00e9rprete e pianista.\" \/>\n<meta name=\"robots\" content=\"index, follow, max-snippet:-1, max-image-preview:large, max-video-preview:-1\" \/>\n<link rel=\"canonical\" href=\"https:\/\/olivierkannmusic.com\/pt-pt\/cancoes\/\" \/>\n<meta property=\"og:locale\" content=\"pt_PT\" \/>\n<meta property=\"og:type\" content=\"article\" \/>\n<meta property=\"og:title\" content=\"Can\u00e7\u00f5es - Olivier Kann\" \/>\n<meta property=\"og:description\" content=\"Descubra todas as can\u00e7\u00f5es dispon\u00edveis, criadas por Olivier Kann, m\u00fasico, compositor, int\u00e9rprete e pianista.\" \/>\n<meta property=\"og:url\" content=\"https:\/\/olivierkannmusic.com\/pt-pt\/cancoes\/\" \/>\n<meta property=\"og:site_name\" content=\"Olivier Kann\" \/>\n<meta property=\"article:modified_time\" content=\"2022-12-03T14:54:50+00:00\" \/>\n<meta property=\"og:image\" content=\"https:\/\/olivierkannmusic.com\/wp-content\/uploads\/2022\/11\/OLIVIER-EVER-NB-PORTRAIT-scaled.jpg\" \/>\n\t<meta property=\"og:image:width\" content=\"1707\" \/>\n\t<meta property=\"og:image:height\" content=\"2560\" \/>\n\t<meta property=\"og:image:type\" content=\"image\/jpeg\" \/>\n<meta name=\"twitter:card\" content=\"summary_large_image\" \/>\n<meta name=\"twitter:label1\" content=\"Tempo estimado de leitura\" \/>\n\t<meta name=\"twitter:data1\" content=\"1 minuto\" \/>\n<script type=\"application\/ld+json\" class=\"yoast-schema-graph\">{\"@context\":\"https:\/\/schema.org\",\"@graph\":[{\"@type\":\"WebPage\",\"@id\":\"https:\/\/olivierkannmusic.com\/pt-pt\/cancoes\/\",\"url\":\"https:\/\/olivierkannmusic.com\/pt-pt\/cancoes\/\",\"name\":\"Can\u00e7\u00f5es - Olivier Kann\",\"isPartOf\":{\"@id\":\"https:\/\/olivierkannmusic.com\/pt-pt\/#website\"},\"primaryImageOfPage\":{\"@id\":\"https:\/\/olivierkannmusic.com\/pt-pt\/cancoes\/#primaryimage\"},\"image\":{\"@id\":\"https:\/\/olivierkannmusic.com\/pt-pt\/cancoes\/#primaryimage\"},\"thumbnailUrl\":\"https:\/\/olivierkannmusic.com\/wp-content\/uploads\/2022\/11\/OLIVIER-EVER-NB-PORTRAIT-scaled.jpg\",\"datePublished\":\"2022-11-02T23:14:35+00:00\",\"dateModified\":\"2022-12-03T14:54:50+00:00\",\"description\":\"Descubra todas as can\u00e7\u00f5es dispon\u00edveis, criadas por Olivier Kann, m\u00fasico, compositor, int\u00e9rprete e pianista.\",\"breadcrumb\":{\"@id\":\"https:\/\/olivierkannmusic.com\/pt-pt\/cancoes\/#breadcrumb\"},\"inLanguage\":\"pt-PT\",\"potentialAction\":[{\"@type\":\"ReadAction\",\"target\":[\"https:\/\/olivierkannmusic.com\/pt-pt\/cancoes\/\"]}]},{\"@type\":\"ImageObject\",\"inLanguage\":\"pt-PT\",\"@id\":\"https:\/\/olivierkannmusic.com\/pt-pt\/cancoes\/#primaryimage\",\"url\":\"https:\/\/olivierkannmusic.com\/wp-content\/uploads\/2022\/11\/OLIVIER-EVER-NB-PORTRAIT-scaled.jpg\",\"contentUrl\":\"https:\/\/olivierkannmusic.com\/wp-content\/uploads\/2022\/11\/OLIVIER-EVER-NB-PORTRAIT-scaled.jpg\",\"width\":1707,\"height\":2560,\"caption\":\"OLivier KANN Songwriter\"},{\"@type\":\"BreadcrumbList\",\"@id\":\"https:\/\/olivierkannmusic.com\/pt-pt\/cancoes\/#breadcrumb\",\"itemListElement\":[{\"@type\":\"ListItem\",\"position\":1,\"name\":\"Accueil\",\"item\":\"https:\/\/olivierkannmusic.com\/pt-pt\/\"},{\"@type\":\"ListItem\",\"position\":2,\"name\":\"Can\u00e7\u00f5es\"}]},{\"@type\":\"WebSite\",\"@id\":\"https:\/\/olivierkannmusic.com\/pt-pt\/#website\",\"url\":\"https:\/\/olivierkannmusic.com\/pt-pt\/\",\"name\":\"Olivier Kann\",\"description\":\"Autor Compositor Performer\",\"potentialAction\":[{\"@type\":\"SearchAction\",\"target\":{\"@type\":\"EntryPoint\",\"urlTemplate\":\"https:\/\/olivierkannmusic.com\/pt-pt\/?s={search_term_string}\"},\"query-input\":{\"@type\":\"PropertyValueSpecification\",\"valueRequired\":true,\"valueName\":\"search_term_string\"}}],\"inLanguage\":\"pt-PT\"}]}<\/script>\n<!-- \/ Yoast SEO plugin. -->","yoast_head_json":{"title":"Can\u00e7\u00f5es - Olivier Kann","description":"Descubra todas as can\u00e7\u00f5es dispon\u00edveis, criadas por Olivier Kann, m\u00fasico, compositor, int\u00e9rprete e pianista.","robots":{"index":"index","follow":"follow","max-snippet":"max-snippet:-1","max-image-preview":"max-image-preview:large","max-video-preview":"max-video-preview:-1"},"canonical":"https:\/\/olivierkannmusic.com\/pt-pt\/cancoes\/","og_locale":"pt_PT","og_type":"article","og_title":"Can\u00e7\u00f5es - Olivier Kann","og_description":"Descubra todas as can\u00e7\u00f5es dispon\u00edveis, criadas por Olivier Kann, m\u00fasico, compositor, int\u00e9rprete e pianista.","og_url":"https:\/\/olivierkannmusic.com\/pt-pt\/cancoes\/","og_site_name":"Olivier Kann","article_modified_time":"2022-12-03T14:54:50+00:00","og_image":[{"width":1707,"height":2560,"url":"https:\/\/olivierkannmusic.com\/wp-content\/uploads\/2022\/11\/OLIVIER-EVER-NB-PORTRAIT-scaled.jpg","type":"image\/jpeg"}],"twitter_card":"summary_large_image","twitter_misc":{"Tempo estimado de leitura":"1 minuto"},"schema":{"@context":"https:\/\/schema.org","@graph":[{"@type":"WebPage","@id":"https:\/\/olivierkannmusic.com\/pt-pt\/cancoes\/","url":"https:\/\/olivierkannmusic.com\/pt-pt\/cancoes\/","name":"Can\u00e7\u00f5es - Olivier Kann","isPartOf":{"@id":"https:\/\/olivierkannmusic.com\/pt-pt\/#website"},"primaryImageOfPage":{"@id":"https:\/\/olivierkannmusic.com\/pt-pt\/cancoes\/#primaryimage"},"image":{"@id":"https:\/\/olivierkannmusic.com\/pt-pt\/cancoes\/#primaryimage"},"thumbnailUrl":"https:\/\/olivierkannmusic.com\/wp-content\/uploads\/2022\/11\/OLIVIER-EVER-NB-PORTRAIT-scaled.jpg","datePublished":"2022-11-02T23:14:35+00:00","dateModified":"2022-12-03T14:54:50+00:00","description":"Descubra todas as can\u00e7\u00f5es dispon\u00edveis, criadas por Olivier Kann, m\u00fasico, compositor, int\u00e9rprete e pianista.","breadcrumb":{"@id":"https:\/\/olivierkannmusic.com\/pt-pt\/cancoes\/#breadcrumb"},"inLanguage":"pt-PT","potentialAction":[{"@type":"ReadAction","target":["https:\/\/olivierkannmusic.com\/pt-pt\/cancoes\/"]}]},{"@type":"ImageObject","inLanguage":"pt-PT","@id":"https:\/\/olivierkannmusic.com\/pt-pt\/cancoes\/#primaryimage","url":"https:\/\/olivierkannmusic.com\/wp-content\/uploads\/2022\/11\/OLIVIER-EVER-NB-PORTRAIT-scaled.jpg","contentUrl":"https:\/\/olivierkannmusic.com\/wp-content\/uploads\/2022\/11\/OLIVIER-EVER-NB-PORTRAIT-scaled.jpg","width":1707,"height":2560,"caption":"OLivier KANN Songwriter"},{"@type":"BreadcrumbList","@id":"https:\/\/olivierkannmusic.com\/pt-pt\/cancoes\/#breadcrumb","itemListElement":[{"@type":"ListItem","position":1,"name":"Accueil","item":"https:\/\/olivierkannmusic.com\/pt-pt\/"},{"@type":"ListItem","position":2,"name":"Can\u00e7\u00f5es"}]},{"@type":"WebSite","@id":"https:\/\/olivierkannmusic.com\/pt-pt\/#website","url":"https:\/\/olivierkannmusic.com\/pt-pt\/","name":"Olivier Kann","description":"Autor Compositor Performer","potentialAction":[{"@type":"SearchAction","target":{"@type":"EntryPoint","urlTemplate":"https:\/\/olivierkannmusic.com\/pt-pt\/?s={search_term_string}"},"query-input":{"@type":"PropertyValueSpecification","valueRequired":true,"valueName":"search_term_string"}}],"inLanguage":"pt-PT"}]}},"_links":{"self":[{"href":"https:\/\/olivierkannmusic.com\/pt-pt\/wp-json\/wp\/v2\/pages\/274","targetHints":{"allow":["GET"]}}],"collection":[{"href":"https:\/\/olivierkannmusic.com\/pt-pt\/wp-json\/wp\/v2\/pages"}],"about":[{"href":"https:\/\/olivierkannmusic.com\/pt-pt\/wp-json\/wp\/v2\/types\/page"}],"author":[{"embeddable":true,"href":"https:\/\/olivierkannmusic.com\/pt-pt\/wp-json\/wp\/v2\/users\/1"}],"replies":[{"embeddable":true,"href":"https:\/\/olivierkannmusic.com\/pt-pt\/wp-json\/wp\/v2\/comments?post=274"}],"version-history":[{"count":4,"href":"https:\/\/olivierkannmusic.com\/pt-pt\/wp-json\/wp\/v2\/pages\/274\/revisions"}],"predecessor-version":[{"id":775,"href":"https:\/\/olivierkannmusic.com\/pt-pt\/wp-json\/wp\/v2\/pages\/274\/revisions\/775"}],"wp:featuredmedia":[{"embeddable":true,"href":"https:\/\/olivierkannmusic.com\/pt-pt\/wp-json\/wp\/v2\/media\/276"}],"wp:attachment":[{"href":"https:\/\/olivierkannmusic.com\/pt-pt\/wp-json\/wp\/v2\/media?parent=274"}],"curies":[{"name":"wp","href":"https:\/\/api.w.org\/{rel}","templated":true}]}}