{"id":747,"date":"2022-11-28T23:21:10","date_gmt":"2022-11-28T22:21:10","guid":{"rendered":"https:\/\/olivierkannmusic.com\/chansons-songs\/together\/"},"modified":"2022-11-28T23:21:10","modified_gmt":"2022-11-28T22:21:10","slug":"together-2","status":"publish","type":"product","link":"https:\/\/olivierkannmusic.com\/pt-pt\/chansons-songs\/together-2\/","title":{"rendered":"Together"},"content":{"rendered":"<p>Can\u00e7\u00e3o Together<\/p>\n","protected":false},"excerpt":{"rendered":"<p>Oi\u00e7a o extracto:[audio wav=\"https:\/\/olivierkannmusic.com\/wp-content\/uploads\/2022\/11\/Olivier-Together-extrait.wav\"][\/audio] <span class=\"read-more\"><a class=\"more-link btn btn-transparent\" href=\"https:\/\/olivierkannmusic.com\/pt-pt\/chansons-songs\/together-2\/\">Lire la suite . . .<\/a><\/span><\/p>\n","protected":false},"featured_media":594,"comment_status":"closed","ping_status":"closed","template":"","meta":[],"product_brand":[],"product_cat":[71],"product_tag":[77],"class_list":{"0":"post-747","1":"product","2":"type-product","3":"status-publish","4":"has-post-thumbnail","6":"product_cat-pop-rock-pt-pt","7":"product_tag-cancao","9":"first","10":"instock","11":"downloadable","12":"virtual","13":"sold-individually","14":"taxable","15":"purchasable","16":"product-type-simple"},"yoast_head":"<!-- This site is optimized with the Yoast SEO plugin v23.8 - https:\/\/yoast.com\/wordpress\/plugins\/seo\/ -->\n<title>Together - Olivier Kann<\/title>\n<meta name=\"description\" content=\"Together uma can\u00e7\u00e3o criada e interpretada por Olivier Kann, autor, compositor e int\u00e9rprete\" \/>\n<meta name=\"robots\" content=\"index, follow, max-snippet:-1, max-image-preview:large, max-video-preview:-1\" \/>\n<link rel=\"canonical\" href=\"https:\/\/olivierkannmusic.com\/pt-pt\/chansons-songs\/together-2\/\" \/>\n<meta property=\"og:locale\" content=\"pt_PT\" \/>\n<meta property=\"og:type\" content=\"article\" \/>\n<meta property=\"og:title\" content=\"Together - Olivier Kann\" \/>\n<meta property=\"og:description\" content=\"Together uma can\u00e7\u00e3o criada e interpretada por Olivier Kann, autor, compositor e int\u00e9rprete\" \/>\n<meta property=\"og:url\" content=\"https:\/\/olivierkannmusic.com\/pt-pt\/chansons-songs\/together-2\/\" \/>\n<meta property=\"og:site_name\" content=\"Olivier Kann\" \/>\n<meta property=\"og:image\" content=\"https:\/\/olivierkannmusic.com\/wp-content\/uploads\/2022\/11\/OLIVIER-EVER-COUL-scaled-COMPRESSE-v2.webp\" \/>\n\t<meta property=\"og:image:width\" content=\"500\" \/>\n\t<meta property=\"og:image:height\" content=\"750\" \/>\n\t<meta property=\"og:image:type\" content=\"image\/webp\" \/>\n<meta name=\"twitter:card\" content=\"summary_large_image\" \/>\n<meta name=\"twitter:label1\" content=\"pre\u00e7o\" \/>\n\t<meta name=\"twitter:data1\" content=\"1,40&nbsp;&euro;\" \/>\n\t<meta name=\"twitter:label2\" content=\"Availability\" \/>\n\t<meta name=\"twitter:data2\" content=\"In stock\" \/>\n<script type=\"application\/ld+json\" class=\"yoast-schema-graph\">{\"@context\":\"https:\/\/schema.org\",\"@graph\":[{\"@type\":\"WebPage\",\"@id\":\"https:\/\/olivierkannmusic.com\/pt-pt\/chansons-songs\/together-2\/\",\"url\":\"https:\/\/olivierkannmusic.com\/pt-pt\/chansons-songs\/together-2\/\",\"name\":\"Together - Olivier Kann\",\"isPartOf\":{\"@id\":\"https:\/\/olivierkannmusic.com\/pt-pt\/#website\"},\"primaryImageOfPage\":{\"@id\":\"https:\/\/olivierkannmusic.com\/pt-pt\/chansons-songs\/together-2\/#primaryimage\"},\"image\":{\"@id\":\"https:\/\/olivierkannmusic.com\/pt-pt\/chansons-songs\/together-2\/#primaryimage\"},\"thumbnailUrl\":\"https:\/\/olivierkannmusic.com\/wp-content\/uploads\/2022\/11\/OLIVIER-EVER-COUL-scaled-COMPRESSE-v2.webp\",\"datePublished\":\"2022-11-28T22:21:10+00:00\",\"dateModified\":\"2022-11-28T22:21:10+00:00\",\"description\":\"Together uma can\u00e7\u00e3o criada e interpretada por Olivier Kann, autor, compositor e int\u00e9rprete\",\"breadcrumb\":{\"@id\":\"https:\/\/olivierkannmusic.com\/pt-pt\/chansons-songs\/together-2\/#breadcrumb\"},\"inLanguage\":\"pt-PT\",\"potentialAction\":[{\"@type\":\"ReadAction\",\"target\":[\"https:\/\/olivierkannmusic.com\/pt-pt\/chansons-songs\/together-2\/\"]}]},{\"@type\":\"ImageObject\",\"inLanguage\":\"pt-PT\",\"@id\":\"https:\/\/olivierkannmusic.com\/pt-pt\/chansons-songs\/together-2\/#primaryimage\",\"url\":\"https:\/\/olivierkannmusic.com\/wp-content\/uploads\/2022\/11\/OLIVIER-EVER-COUL-scaled-COMPRESSE-v2.webp\",\"contentUrl\":\"https:\/\/olivierkannmusic.com\/wp-content\/uploads\/2022\/11\/OLIVIER-EVER-COUL-scaled-COMPRESSE-v2.webp\",\"width\":500,\"height\":750,\"caption\":\"Olivier KANN\"},{\"@type\":\"BreadcrumbList\",\"@id\":\"https:\/\/olivierkannmusic.com\/pt-pt\/chansons-songs\/together-2\/#breadcrumb\",\"itemListElement\":[{\"@type\":\"ListItem\",\"position\":1,\"name\":\"Accueil\",\"item\":\"https:\/\/olivierkannmusic.com\/pt-pt\/\"},{\"@type\":\"ListItem\",\"position\":2,\"name\":\"Together\"}]},{\"@type\":\"WebSite\",\"@id\":\"https:\/\/olivierkannmusic.com\/pt-pt\/#website\",\"url\":\"https:\/\/olivierkannmusic.com\/pt-pt\/\",\"name\":\"Olivier Kann\",\"description\":\"Autor Compositor Performer\",\"potentialAction\":[{\"@type\":\"SearchAction\",\"target\":{\"@type\":\"EntryPoint\",\"urlTemplate\":\"https:\/\/olivierkannmusic.com\/pt-pt\/?s={search_term_string}\"},\"query-input\":{\"@type\":\"PropertyValueSpecification\",\"valueRequired\":true,\"valueName\":\"search_term_string\"}}],\"inLanguage\":\"pt-PT\"}]}<\/script>\n<meta property=\"product:price:amount\" content=\"1.40\" \/>\n<meta property=\"product:price:currency\" content=\"EUR\" \/>\n<meta property=\"og:availability\" content=\"instock\" \/>\n<meta property=\"product:availability\" content=\"instock\" \/>\n<meta property=\"product:condition\" content=\"new\" \/>\n<!-- \/ Yoast SEO plugin. -->","yoast_head_json":{"title":"Together - Olivier Kann","description":"Together uma can\u00e7\u00e3o criada e interpretada por Olivier Kann, autor, compositor e int\u00e9rprete","robots":{"index":"index","follow":"follow","max-snippet":"max-snippet:-1","max-image-preview":"max-image-preview:large","max-video-preview":"max-video-preview:-1"},"canonical":"https:\/\/olivierkannmusic.com\/pt-pt\/chansons-songs\/together-2\/","og_locale":"pt_PT","og_type":"article","og_title":"Together - Olivier Kann","og_description":"Together uma can\u00e7\u00e3o criada e interpretada por Olivier Kann, autor, compositor e int\u00e9rprete","og_url":"https:\/\/olivierkannmusic.com\/pt-pt\/chansons-songs\/together-2\/","og_site_name":"Olivier Kann","og_image":[{"width":500,"height":750,"url":"https:\/\/olivierkannmusic.com\/wp-content\/uploads\/2022\/11\/OLIVIER-EVER-COUL-scaled-COMPRESSE-v2.webp","type":"image\/webp"}],"twitter_card":"summary_large_image","twitter_misc":{"pre\u00e7o":"1,40&nbsp;&euro;","Availability":"In stock"},"schema":{"@context":"https:\/\/schema.org","@graph":[{"@type":"WebPage","@id":"https:\/\/olivierkannmusic.com\/pt-pt\/chansons-songs\/together-2\/","url":"https:\/\/olivierkannmusic.com\/pt-pt\/chansons-songs\/together-2\/","name":"Together - Olivier Kann","isPartOf":{"@id":"https:\/\/olivierkannmusic.com\/pt-pt\/#website"},"primaryImageOfPage":{"@id":"https:\/\/olivierkannmusic.com\/pt-pt\/chansons-songs\/together-2\/#primaryimage"},"image":{"@id":"https:\/\/olivierkannmusic.com\/pt-pt\/chansons-songs\/together-2\/#primaryimage"},"thumbnailUrl":"https:\/\/olivierkannmusic.com\/wp-content\/uploads\/2022\/11\/OLIVIER-EVER-COUL-scaled-COMPRESSE-v2.webp","datePublished":"2022-11-28T22:21:10+00:00","dateModified":"2022-11-28T22:21:10+00:00","description":"Together uma can\u00e7\u00e3o criada e interpretada por Olivier Kann, autor, compositor e int\u00e9rprete","breadcrumb":{"@id":"https:\/\/olivierkannmusic.com\/pt-pt\/chansons-songs\/together-2\/#breadcrumb"},"inLanguage":"pt-PT","potentialAction":[{"@type":"ReadAction","target":["https:\/\/olivierkannmusic.com\/pt-pt\/chansons-songs\/together-2\/"]}]},{"@type":"ImageObject","inLanguage":"pt-PT","@id":"https:\/\/olivierkannmusic.com\/pt-pt\/chansons-songs\/together-2\/#primaryimage","url":"https:\/\/olivierkannmusic.com\/wp-content\/uploads\/2022\/11\/OLIVIER-EVER-COUL-scaled-COMPRESSE-v2.webp","contentUrl":"https:\/\/olivierkannmusic.com\/wp-content\/uploads\/2022\/11\/OLIVIER-EVER-COUL-scaled-COMPRESSE-v2.webp","width":500,"height":750,"caption":"Olivier KANN"},{"@type":"BreadcrumbList","@id":"https:\/\/olivierkannmusic.com\/pt-pt\/chansons-songs\/together-2\/#breadcrumb","itemListElement":[{"@type":"ListItem","position":1,"name":"Accueil","item":"https:\/\/olivierkannmusic.com\/pt-pt\/"},{"@type":"ListItem","position":2,"name":"Together"}]},{"@type":"WebSite","@id":"https:\/\/olivierkannmusic.com\/pt-pt\/#website","url":"https:\/\/olivierkannmusic.com\/pt-pt\/","name":"Olivier Kann","description":"Autor Compositor Performer","potentialAction":[{"@type":"SearchAction","target":{"@type":"EntryPoint","urlTemplate":"https:\/\/olivierkannmusic.com\/pt-pt\/?s={search_term_string}"},"query-input":{"@type":"PropertyValueSpecification","valueRequired":true,"valueName":"search_term_string"}}],"inLanguage":"pt-PT"}]},"product_price_amount":"1.40","product_price_currency":"EUR","og_availability":"instock","product_availability":"instock","product_condition":"new"},"_links":{"self":[{"href":"https:\/\/olivierkannmusic.com\/pt-pt\/wp-json\/wp\/v2\/product\/747","targetHints":{"allow":["GET"]}}],"collection":[{"href":"https:\/\/olivierkannmusic.com\/pt-pt\/wp-json\/wp\/v2\/product"}],"about":[{"href":"https:\/\/olivierkannmusic.com\/pt-pt\/wp-json\/wp\/v2\/types\/product"}],"replies":[{"embeddable":true,"href":"https:\/\/olivierkannmusic.com\/pt-pt\/wp-json\/wp\/v2\/comments?post=747"}],"wp:featuredmedia":[{"embeddable":true,"href":"https:\/\/olivierkannmusic.com\/pt-pt\/wp-json\/wp\/v2\/media\/594"}],"wp:attachment":[{"href":"https:\/\/olivierkannmusic.com\/pt-pt\/wp-json\/wp\/v2\/media?parent=747"}],"wp:term":[{"taxonomy":"product_brand","embeddable":true,"href":"https:\/\/olivierkannmusic.com\/pt-pt\/wp-json\/wp\/v2\/product_brand?post=747"},{"taxonomy":"product_cat","embeddable":true,"href":"https:\/\/olivierkannmusic.com\/pt-pt\/wp-json\/wp\/v2\/product_cat?post=747"},{"taxonomy":"product_tag","embeddable":true,"href":"https:\/\/olivierkannmusic.com\/pt-pt\/wp-json\/wp\/v2\/product_tag?post=747"}],"curies":[{"name":"wp","href":"https:\/\/api.w.org\/{rel}","templated":true}]}}